{"id":87,"date":"2013-08-11T20:13:42","date_gmt":"2013-08-11T20:13:42","guid":{"rendered":"http:\/\/localhost:8888\/test\/?page_id=545"},"modified":"2025-04-22T15:26:00","modified_gmt":"2025-04-22T15:26:00","slug":"faq","status":"publish","type":"page","link":"https:\/\/gagesenegal.com\/?page_id=87","title":{"rendered":"FAQ"},"content":{"rendered":"\n<div class=\"row\"  id=\"row-164254489\">\n\n<div class=\"container section-title-container\" ><h3 class=\"section-title section-title-normal\"><b><\/b><span class=\"section-title-main\" >Questions Fr\u00e9quemment Pos\u00e9es<\/span><b><\/b><\/h3><\/div>\n\n<p class=\"lead\">Veuillez lire notre FAQ avant de nous envoyer un message.<\/p>\n<div class=\"accordion\">\n\n\t<div id=\"accordion-2635843693\" class=\"accordion-item\">\n\t\t<a id=\"accordion-2635843693-label\" class=\"accordion-title plain\" href=\"#accordion-item-d\u2019o\u00f9-proviennent-vos-viandes-et-volailles-?\" aria-expanded=\"false\" aria-controls=\"accordion-2635843693-content\" >\n\t\t\t<button class=\"toggle\" aria-label=\"Basculer\"><i class=\"icon-angle-down\"><\/i><\/button>\n\t\t\t<span>D\u2019o\u00f9 proviennent vos viandes et volailles ?<\/span>\n\t\t<\/a>\n\t\t<div id=\"accordion-2635843693-content\" class=\"accordion-inner\" aria-labelledby=\"accordion-2635843693-label\" >\n\t\t\t\n\n<p>Nos viandes et volailles proviennent de fermes partenaires rigoureusement s\u00e9lectionn\u00e9es, respectueuses du bien-\u00eatre animal et des normes sanitaires. Nous privil\u00e9gions la qualit\u00e9, la tra\u00e7abilit\u00e9 et la fra\u00eecheur pour chaque produit. <\/p>\n\n\t\t<\/div>\n\t<\/div>\n\t\n\t<div id=\"accordion-3550269675\" class=\"accordion-item\">\n\t\t<a id=\"accordion-3550269675-label\" class=\"accordion-title plain\" href=\"#accordion-item-comment-garantissez-vous-la-fra\u00eecheur-des-produits-?\" aria-expanded=\"false\" aria-controls=\"accordion-3550269675-content\" >\n\t\t\t<button class=\"toggle\" aria-label=\"Basculer\"><i class=\"icon-angle-down\"><\/i><\/button>\n\t\t\t<span>Comment garantissez-vous la fra\u00eecheur des produits ?<\/span>\n\t\t<\/a>\n\t\t<div id=\"accordion-3550269675-content\" class=\"accordion-inner\" aria-labelledby=\"accordion-3550269675-label\" >\n\t\t\t\n\n<p>Tous nos produits sont conditionn\u00e9s sous vide et exp\u00e9di\u00e9s dans des colis r\u00e9frig\u00e9r\u00e9s respectant strictement la cha\u00eene du froid, pour garantir une fra\u00eecheur optimale \u00e0 la r\u00e9ception. <\/p>\n\n\t\t<\/div>\n\t<\/div>\n\t\n\t<div id=\"accordion-2745123376\" class=\"accordion-item\">\n\t\t<a id=\"accordion-2745123376-label\" class=\"accordion-title plain\" href=\"#accordion-item-comment-conserver-la-viande-et-la-volaille-apr\u00e8s-r\u00e9ception-?\" aria-expanded=\"false\" aria-controls=\"accordion-2745123376-content\" >\n\t\t\t<button class=\"toggle\" aria-label=\"Basculer\"><i class=\"icon-angle-down\"><\/i><\/button>\n\t\t\t<span>Comment conserver la viande et la volaille apr\u00e8s r\u00e9ception ?<\/span>\n\t\t<\/a>\n\t\t<div id=\"accordion-2745123376-content\" class=\"accordion-inner\" aria-labelledby=\"accordion-2745123376-label\" >\n\t\t\t\n\n<p>Les viandes sous vide doivent \u00eatre conserv\u00e9es au r\u00e9frig\u00e9rateur entre 0\u00b0C et 4\u00b0C. Nous recommandons de consommer le produit avant la date limite inscrite sur l\u2019emballage. Une fois ouvert, consommez sous 24 \u00e0 48 heures.<\/p>\n\n\t\t<\/div>\n\t<\/div>\n\t\n\t<div id=\"accordion-1321817101\" class=\"accordion-item\">\n\t\t<a id=\"accordion-1321817101-label\" class=\"accordion-title plain\" href=\"#accordion-item-puis-je-congeler-vos-viandes-et-volailles-?\" aria-expanded=\"false\" aria-controls=\"accordion-1321817101-content\" >\n\t\t\t<button class=\"toggle\" aria-label=\"Basculer\"><i class=\"icon-angle-down\"><\/i><\/button>\n\t\t\t<span>Puis-je congeler vos viandes et volailles ?<\/span>\n\t\t<\/a>\n\t\t<div id=\"accordion-1321817101-content\" class=\"accordion-inner\" aria-labelledby=\"accordion-1321817101-label\" >\n\t\t\t\n\n<p>Oui\u202f! Tous nos produits sont parfaitement adapt\u00e9s \u00e0 la cong\u00e9lation s\u2019ils sont stock\u00e9s correctement d\u00e8s r\u00e9ception. Nous vous conseillons de congeler la viande dans son emballage sous vide pour pr\u00e9server sa qualit\u00e9.<\/p>\n\n\t\t<\/div>\n\t<\/div>\n\t\n\t<div id=\"accordion-140566546\" class=\"accordion-item\">\n\t\t<a id=\"accordion-140566546-label\" class=\"accordion-title plain\" href=\"#accordion-item-que-faire-si-mon-colis-arrive-endommag\u00e9-?\" aria-expanded=\"false\" aria-controls=\"accordion-140566546-content\" >\n\t\t\t<button class=\"toggle\" aria-label=\"Basculer\"><i class=\"icon-angle-down\"><\/i><\/button>\n\t\t\t<span>Que faire si mon colis arrive endommag\u00e9 ?<\/span>\n\t\t<\/a>\n\t\t<div id=\"accordion-140566546-content\" class=\"accordion-inner\" aria-labelledby=\"accordion-140566546-label\" >\n\t\t\t\n\n<p>Contactez-nous imm\u00e9diatement via notre formulaire ou par t\u00e9l\u00e9phone avec une photo du colis. Nous prendrons en charge la situation rapidement avec une solution adapt\u00e9e : remplacement ou remboursement.<\/p>\n\n\t\t<\/div>\n\t<\/div>\n\t\n\t<div id=\"accordion-2188132395\" class=\"accordion-item\">\n\t\t<a id=\"accordion-2188132395-label\" class=\"accordion-title plain\" href=\"#accordion-item-quels-sont-les-d\u00e9lais-de-livraison-?\" aria-expanded=\"false\" aria-controls=\"accordion-2188132395-content\" >\n\t\t\t<button class=\"toggle\" aria-label=\"Basculer\"><i class=\"icon-angle-down\"><\/i><\/button>\n\t\t\t<span>Quels sont les d\u00e9lais de livraison ?<\/span>\n\t\t<\/a>\n\t\t<div id=\"accordion-2188132395-content\" class=\"accordion-inner\" aria-labelledby=\"accordion-2188132395-label\" >\n\t\t\t\n\n<p>Les commandes sont pr\u00e9par\u00e9es sous 1 \u00e0 et livr\u00e9es g\u00e9n\u00e9ralement en 1\/2 heures apr\u00e8s commande. Vous serez inform\u00e9(e) par mail et SMS du suivi de votre colis. <\/p>\n\n\t\t<\/div>\n\t<\/div>\n\t\n\n<\/div>\n\n<\/div>\n<p>\u00a0<\/p>\n","protected":false},"excerpt":{"rendered":"<p>\u00a0<\/p>\n","protected":false},"author":1,"featured_media":0,"parent":53,"menu_order":0,"comment_status":"closed","ping_status":"closed","template":"","meta":{"om_disable_all_campaigns":false,"footnotes":""},"class_list":["post-87","page","type-page","status-publish","hentry"],"_links":{"self":[{"href":"https:\/\/gagesenegal.com\/index.php?rest_route=\/wp\/v2\/pages\/87","targetHints":{"allow":["GET"]}}],"collection":[{"href":"https:\/\/gagesenegal.com\/index.php?rest_route=\/wp\/v2\/pages"}],"about":[{"href":"https:\/\/gagesenegal.com\/index.php?rest_route=\/wp\/v2\/types\/page"}],"author":[{"embeddable":true,"href":"https:\/\/gagesenegal.com\/index.php?rest_route=\/wp\/v2\/users\/1"}],"replies":[{"embeddable":true,"href":"https:\/\/gagesenegal.com\/index.php?rest_route=%2Fwp%2Fv2%2Fcomments&post=87"}],"version-history":[{"count":5,"href":"https:\/\/gagesenegal.com\/index.php?rest_route=\/wp\/v2\/pages\/87\/revisions"}],"predecessor-version":[{"id":529,"href":"https:\/\/gagesenegal.com\/index.php?rest_route=\/wp\/v2\/pages\/87\/revisions\/529"}],"up":[{"embeddable":true,"href":"https:\/\/gagesenegal.com\/index.php?rest_route=\/wp\/v2\/pages\/53"}],"wp:attachment":[{"href":"https:\/\/gagesenegal.com\/index.php?rest_route=%2Fwp%2Fv2%2Fmedia&parent=87"}],"curies":[{"name":"wp","href":"https:\/\/api.w.org\/{rel}","templated":true}]}}