{"id":364,"date":"2025-04-22T11:27:11","date_gmt":"2025-04-22T11:27:11","guid":{"rendered":"https:\/\/gagesenegal.com\/product\/agneau\/"},"modified":"2025-08-29T16:30:49","modified_gmt":"2025-08-29T16:30:49","slug":"agneau","status":"publish","type":"product","link":"https:\/\/gagesenegal.com\/?product=agneau","title":{"rendered":"Agneau"},"content":{"rendered":"<p>Viande fine et d\u00e9licatement parfum\u00e9e, notre agneau est id\u00e9al pour vos tajines, grillades ou plats mijot\u00e9s. Une chair fondante qui ravira les amateurs de cuisine traditionnelle et raffin\u00e9e. Ps: A partir de 5KG.<\/p>\n","protected":false},"excerpt":{"rendered":"<p>Viande fine et d\u00e9licatement parfum\u00e9e, notre agneau est id\u00e9al pour vos tajines, grillades ou plats mijot\u00e9s. Une chair fondante qui ravira les amateurs de cuisine traditionnelle et raffin\u00e9e. Ps: A partir de 5KG.<\/p>\n","protected":false},"featured_media":698,"comment_status":"open","ping_status":"closed","template":"","meta":{"om_disable_all_campaigns":false},"product_brand":[],"product_cat":[68],"product_tag":[],"class_list":{"0":"post-364","1":"product","2":"type-product","3":"status-publish","4":"has-post-thumbnail","6":"product_cat-viandes","8":"first","9":"instock","10":"shipping-taxable","11":"purchasable","12":"product-type-variable"},"_links":{"self":[{"href":"https:\/\/gagesenegal.com\/index.php?rest_route=\/wp\/v2\/product\/364","targetHints":{"allow":["GET"]}}],"collection":[{"href":"https:\/\/gagesenegal.com\/index.php?rest_route=\/wp\/v2\/product"}],"about":[{"href":"https:\/\/gagesenegal.com\/index.php?rest_route=\/wp\/v2\/types\/product"}],"replies":[{"embeddable":true,"href":"https:\/\/gagesenegal.com\/index.php?rest_route=%2Fwp%2Fv2%2Fcomments&post=364"}],"wp:featuredmedia":[{"embeddable":true,"href":"https:\/\/gagesenegal.com\/index.php?rest_route=\/wp\/v2\/media\/698"}],"wp:attachment":[{"href":"https:\/\/gagesenegal.com\/index.php?rest_route=%2Fwp%2Fv2%2Fmedia&parent=364"}],"wp:term":[{"taxonomy":"product_brand","embeddable":true,"href":"https:\/\/gagesenegal.com\/index.php?rest_route=%2Fwp%2Fv2%2Fproduct_brand&post=364"},{"taxonomy":"product_cat","embeddable":true,"href":"https:\/\/gagesenegal.com\/index.php?rest_route=%2Fwp%2Fv2%2Fproduct_cat&post=364"},{"taxonomy":"product_tag","embeddable":true,"href":"https:\/\/gagesenegal.com\/index.php?rest_route=%2Fwp%2Fv2%2Fproduct_tag&post=364"}],"curies":[{"name":"wp","href":"https:\/\/api.w.org\/{rel}","templated":true}]}}