{"id":368,"date":"2025-04-22T11:27:12","date_gmt":"2025-04-22T11:27:12","guid":{"rendered":"https:\/\/gagesenegal.com\/product\/poulets\/"},"modified":"2025-08-29T16:30:49","modified_gmt":"2025-08-29T16:30:49","slug":"poulets","status":"publish","type":"product","link":"https:\/\/gagesenegal.com\/?product=poulets","title":{"rendered":"Volaille"},"content":{"rendered":"<p>Un poulet tendre de 1.5KG, savoureux et \u00e9lev\u00e9 dans le respect des normes de qualit\u00e9. Parfait pour vos recettes r\u00f4ties, grill\u00e9es ou mijot\u00e9es. Go\u00fbtez \u00e0 l\u2019authenticit\u00e9 d\u2019un vrai poulet plein de go\u00fbt, \u00e0 partager en famille.<\/p>\n","protected":false},"excerpt":{"rendered":"<p>Un poulet tendre de 1.5KG, savoureux et \u00e9lev\u00e9 dans le respect des normes de qualit\u00e9. Parfait pour vos recettes r\u00f4ties, grill\u00e9es ou mijot\u00e9es. Go\u00fbtez \u00e0 l\u2019authenticit\u00e9 d\u2019un vrai poulet plein de go\u00fbt, \u00e0 partager en famille.<\/p>\n","protected":false},"featured_media":418,"comment_status":"open","ping_status":"closed","template":"","meta":{"om_disable_all_campaigns":false},"product_brand":[],"product_cat":[68],"product_tag":[],"class_list":{"0":"post-368","1":"product","2":"type-product","3":"status-publish","4":"has-post-thumbnail","6":"product_cat-viandes","8":"first","9":"instock","10":"shipping-taxable","11":"purchasable","12":"product-type-simple"},"_links":{"self":[{"href":"https:\/\/gagesenegal.com\/index.php?rest_route=\/wp\/v2\/product\/368","targetHints":{"allow":["GET"]}}],"collection":[{"href":"https:\/\/gagesenegal.com\/index.php?rest_route=\/wp\/v2\/product"}],"about":[{"href":"https:\/\/gagesenegal.com\/index.php?rest_route=\/wp\/v2\/types\/product"}],"replies":[{"embeddable":true,"href":"https:\/\/gagesenegal.com\/index.php?rest_route=%2Fwp%2Fv2%2Fcomments&post=368"}],"wp:featuredmedia":[{"embeddable":true,"href":"https:\/\/gagesenegal.com\/index.php?rest_route=\/wp\/v2\/media\/418"}],"wp:attachment":[{"href":"https:\/\/gagesenegal.com\/index.php?rest_route=%2Fwp%2Fv2%2Fmedia&parent=368"}],"wp:term":[{"taxonomy":"product_brand","embeddable":true,"href":"https:\/\/gagesenegal.com\/index.php?rest_route=%2Fwp%2Fv2%2Fproduct_brand&post=368"},{"taxonomy":"product_cat","embeddable":true,"href":"https:\/\/gagesenegal.com\/index.php?rest_route=%2Fwp%2Fv2%2Fproduct_cat&post=368"},{"taxonomy":"product_tag","embeddable":true,"href":"https:\/\/gagesenegal.com\/index.php?rest_route=%2Fwp%2Fv2%2Fproduct_tag&post=368"}],"curies":[{"name":"wp","href":"https:\/\/api.w.org\/{rel}","templated":true}]}}